{"id":9,"date":"2023-08-10T17:40:34","date_gmt":"2023-08-10T15:40:34","guid":{"rendered":"https:\/\/iadecouverte.com\/?page_id=9"},"modified":"2023-08-16T19:54:03","modified_gmt":"2023-08-16T17:54:03","slug":"blog","status":"publish","type":"page","link":"https:\/\/iadecouverte.com\/index.php\/blog\/","title":{"rendered":"Blog"},"content":{"rendered":"<ul class=\"wp-block-latest-posts__list wp-block-latest-posts\"><li><a class=\"wp-block-latest-posts__post-title\" href=\"https:\/\/iadecouverte.com\/index.php\/2025\/08\/13\/utiliser-ia-efficacement-avec-role-contexte-objectif\/\">Arr\u00eate de parler \u00e0 ton IA comme \u00e0 Google<\/a><\/li>\n<li><a class=\"wp-block-latest-posts__post-title\" href=\"https:\/\/iadecouverte.com\/index.php\/2024\/07\/26\/lia-dans-la-salle-doperation-revolutionner-les-diagnostics-et-la-chirurgie\/\">L&#8217;IA dans la salle d&#8217;op\u00e9ration : r\u00e9volutionner les diagnostics et la chirurgie<\/a><\/li>\n<li><a class=\"wp-block-latest-posts__post-title\" href=\"https:\/\/iadecouverte.com\/index.php\/2024\/07\/25\/pilote-automatique-naviguer-vers-lavenir-des-vehicules-autonomes\/\">Pilote Automatique : Naviguer vers l&#8217;Avenir des V\u00e9hicules Autonomes<\/a><\/li>\n<li><a class=\"wp-block-latest-posts__post-title\" href=\"https:\/\/iadecouverte.com\/index.php\/2024\/07\/24\/revolution-de-la-communication-digitale-comment-le-nlp-et-gpt-4-transforment-nos-interactions-avec-la-technologie\/\">R\u00e9volution de la Communication Digitale : Comment le NLP et GPT-4 Transforment Nos Interactions avec la Technologie<\/a><\/li>\n<li><a class=\"wp-block-latest-posts__post-title\" href=\"https:\/\/iadecouverte.com\/index.php\/2023\/08\/10\/bonjour-tout-le-monde\/\">L&#8217;aventure commence : Bienvenue sur IAD\u00e9couverte.com !<\/a><\/li>\n<\/ul>","protected":false},"excerpt":{"rendered":"","protected":false},"author":1,"featured_media":0,"parent":0,"menu_order":0,"comment_status":"closed","ping_status":"closed","template":"","meta":{"om_disable_all_campaigns":false,"_monsterinsights_skip_tracking":false,"_monsterinsights_sitenote_active":false,"_monsterinsights_sitenote_note":"","_monsterinsights_sitenote_category":0,"_uf_show_specific_survey":0,"_uf_disable_surveys":false,"footnotes":""},"class_list":["post-9","page","type-page","status-publish","hentry"],"aioseo_notices":[],"_links":{"self":[{"href":"https:\/\/iadecouverte.com\/index.php\/wp-json\/wp\/v2\/pages\/9","targetHints":{"allow":["GET"]}}],"collection":[{"href":"https:\/\/iadecouverte.com\/index.php\/wp-json\/wp\/v2\/pages"}],"about":[{"href":"https:\/\/iadecouverte.com\/index.php\/wp-json\/wp\/v2\/types\/page"}],"author":[{"embeddable":true,"href":"https:\/\/iadecouverte.com\/index.php\/wp-json\/wp\/v2\/users\/1"}],"replies":[{"embeddable":true,"href":"https:\/\/iadecouverte.com\/index.php\/wp-json\/wp\/v2\/comments?post=9"}],"version-history":[{"count":4,"href":"https:\/\/iadecouverte.com\/index.php\/wp-json\/wp\/v2\/pages\/9\/revisions"}],"predecessor-version":[{"id":97,"href":"https:\/\/iadecouverte.com\/index.php\/wp-json\/wp\/v2\/pages\/9\/revisions\/97"}],"wp:attachment":[{"href":"https:\/\/iadecouverte.com\/index.php\/wp-json\/wp\/v2\/media?parent=9"}],"curies":[{"name":"wp","href":"https:\/\/api.w.org\/{rel}","templated":true}]}}